{"id":15538,"date":"2022-01-27T14:43:06","date_gmt":"2022-01-27T20:43:06","guid":{"rendered":"https:\/\/aldinedistrict.org\/acerca-de\/plan-de-servicio\/"},"modified":"2022-01-27T14:43:07","modified_gmt":"2022-01-27T20:43:07","slug":"plan-de-servicio","status":"publish","type":"page","link":"https:\/\/aldinedistrict.org\/es\/acerca-de\/plan-de-servicio\/","title":{"rendered":"Plan de servicio"},"content":{"rendered":"<p>El Plan de Servicio y Acci\u00f3n de Aldine establece una visi\u00f3n, objetivos, servicios que se prestar\u00e1n y mejoras que se realizar\u00e1n en apoyo de los residentes y propietarios de negocios dentro del Distrito de Mejoramiento de Aldine. Este plan fue adoptado por unanimidad por el consejo de administraci\u00f3n el 20 de agosto de 2002.<\/p>\n<p>Los objetivos y elementos de acci\u00f3n contenidos en este plan se derivaron de un estudio exhaustivo realizado por el Departamento de Desarrollo Comunitario del Condado de Harris en 1998. Titulado &#8220;Plan de Desarrollo Comunitario de Aldine&#8221;, el estudio incluy\u00f3 aportes de cientos de residentes del \u00e1rea y un Equipo de Visi\u00f3n Comunitaria de 33 miembros que se reunieron con planificadores del condado durante un per\u00edodo de cuatro meses. Los residentes y los l\u00edderes de la comunidad identificaron los problemas relacionados con el agua, el alcantarillado, el control de inundaciones y la movilidad (carreteras, aceras, senderos para peatones y bicicletas) como sus principales prioridades.<\/p>\n<p>La comunidad tambi\u00e9n reconoci\u00f3 la necesidad de aumentar la seguridad y la seguridad p\u00fablica, una comunidad m\u00e1s limpia y saludable, y el desarrollo econ\u00f3mico.<\/p>\n<p>Por lo tanto, el Plan de Acci\u00f3n y Servicio de Aldine se basa directamente en los deseos de la comunidad expresados en el estudio del Condado de Harris de 1998. Este Plan incluye metas y elementos de acci\u00f3n para abordar lo siguiente:<\/p>\n<p>M\u00e1s informaci\u00f3n sobre:<\/p>\n<div class=\"wrapper\">\n<ul class=\"fleft\">\n<li><a href=\"https:\/\/aldinedistrict.org\/about\/service-plan\/watersewer-infrastructure\/\">Infraestructura de Agua \/ Alcantarillado<\/a><\/li>\n<li><a href=\"https:\/\/aldinedistrict.org\/about\/service-plan\/transportation\/\">transporte<\/a><\/li>\n<li><a href=\"https:\/\/aldinedistrict.org\/about\/service-plan\/security-public-safety\/\">Seguridad y Seguridad P\u00fablica<\/a><\/li>\n<li><a href=\"https:\/\/aldinedistrict.org\/about\/service-plan\/neighborhood-cleanup\/\">Limpieza de vecindarios<\/a><\/li>\n<li><a href=\"https:\/\/aldinedistrict.org\/about\/service-plan\/environmental-and-urban-design\/\">Dise\u00f1o Ambiental y Urbano<\/a><\/li>\n<li><a href=\"https:\/\/aldinedistrict.org\/about\/service-plan\/economic-development-public-relations\/\">Desarrollo Econ\u00f3mico y Relaciones P\u00fablicas<\/a><\/li>\n<li><a href=\"https:\/\/aldinedistrict.org\/about\/service-plan\/leadership-training\/\">Capacitaci\u00f3n en Liderazgo<\/a><\/li>\n<li><a href=\"https:\/\/aldinedistrict.org\/about\/service-plan\/project-staffing-and-administration\/\">Dotaci\u00f3n de personal y administraci\u00f3n de proyectos<\/a><\/li>\n<\/ul>\n<\/div>\n<p>Desde la adopci\u00f3n de este Plan, la junta directiva del Distrito de Mejoramiento de Aldine ha tomado medidas directas para implementar proyectos y servicios para abordar estas \u00e1reas de necesidad. Para conocer el estado actual de los proyectos relacionados con el plan, consulte la p\u00e1gina de Noticias.<\/p>\n<div class=\"fusion-button-wrapper\"><a class=\"fusion-button button-flat fusion-button-default-size button-default fusion-button-default button-1 fusion-button-default-span fusion-button-default-type\" target=\"_blank\" rel=\"noopener noreferrer\" href=\"https:\/\/aldinedistrict.org\/wp-content\/uploads\/2011\/09\/Aldine-Service-Plan5.pdf\"><span class=\"fusion-button-text awb-button__text awb-button__text--default\">Descargar el Servicio y el Plan de Acci\u00f3n<\/span><\/a><\/div>\n","protected":false},"excerpt":{"rendered":"<p>El Plan de Servicio y Acci\u00f3n de Aldine establece una visi\u00f3n, objetivos, servicios que se prestar\u00e1n y mejoras que se realizar\u00e1n en apoyo de los residentes y propietarios de negocios dentro del Distrito de Mejoramiento de Aldine. Este plan fue adoptado por unanimidad por el consejo de administraci\u00f3n el 20 de agosto de 2002. Los  [&#8230;]<\/p>\n","protected":false},"author":6,"featured_media":0,"parent":15518,"menu_order":0,"comment_status":"open","ping_status":"open","template":"","meta":{"ngg_post_thumbnail":0,"footnotes":""},"class_list":["post-15538","page","type-page","status-publish","hentry"],"publishpress_future_action":{"enabled":false,"date":"2026-05-18 22:26:39","action":"change-status","newStatus":"draft","terms":[],"taxonomy":"translation_priority","extraData":[]},"publishpress_future_workflow_manual_trigger":{"enabledWorkflows":[]},"_links":{"self":[{"href":"https:\/\/aldinedistrict.org\/es\/wp-json\/wp\/v2\/pages\/15538","targetHints":{"allow":["GET"]}}],"collection":[{"href":"https:\/\/aldinedistrict.org\/es\/wp-json\/wp\/v2\/pages"}],"about":[{"href":"https:\/\/aldinedistrict.org\/es\/wp-json\/wp\/v2\/types\/page"}],"author":[{"embeddable":true,"href":"https:\/\/aldinedistrict.org\/es\/wp-json\/wp\/v2\/users\/6"}],"replies":[{"embeddable":true,"href":"https:\/\/aldinedistrict.org\/es\/wp-json\/wp\/v2\/comments?post=15538"}],"version-history":[{"count":0,"href":"https:\/\/aldinedistrict.org\/es\/wp-json\/wp\/v2\/pages\/15538\/revisions"}],"up":[{"embeddable":true,"href":"https:\/\/aldinedistrict.org\/es\/wp-json\/wp\/v2\/pages\/15518"}],"wp:attachment":[{"href":"https:\/\/aldinedistrict.org\/es\/wp-json\/wp\/v2\/media?parent=15538"}],"curies":[{"name":"wp","href":"https:\/\/api.w.org\/{rel}","templated":true}]}}