{"id":15542,"date":"2022-01-27T14:43:49","date_gmt":"2022-01-27T20:43:49","guid":{"rendered":"https:\/\/aldinedistrict.org\/acerca-de\/plan-de-servicio\/diseno-ambiental-y-urbano\/"},"modified":"2022-01-27T14:43:49","modified_gmt":"2022-01-27T20:43:49","slug":"diseno-ambiental-y-urbano","status":"publish","type":"page","link":"https:\/\/aldinedistrict.org\/es\/acerca-de\/plan-de-servicio\/diseno-ambiental-y-urbano\/","title":{"rendered":"Dise\u00f1o Ambiental y Urbano"},"content":{"rendered":"<h6>Septiembre de 2002 &#8212; Misi\u00f3n: Movilizar recursos para abordar las necesidades actuales y futuras de infraestructura, desarrollo y espacios abiertos de la creciente \u00e1rea de CID de Aldine con el fin de atraer y retener empleados, aumentar los valores y facilitar el desarrollo empresarial.<\/h6>\n<h2>Objetivos<\/h2>\n<p>1. Coordinar acciones con el Distrito de Control de Inundaciones del Condado de Harris para proteger a los vecindarios y negocios de los eventos de inundaci\u00f3n, as\u00ed como para desarrollar espacios verdes y \u00e1reas recreativas dentro de las llanuras aluviales.<\/p>\n<p>2. Trabajar con entidades p\u00fablicas, privadas y sin fines de lucro existentes para asegurar que el Distrito se incluya en los esfuerzos de planificaci\u00f3n a largo y corto plazo, as\u00ed como para iniciar acciones de apoyo y coordinaci\u00f3n de mejoras p\u00fablicas, sin fines de lucro y privadas.<\/p>\n<p>3. Proporcionar asistencia t\u00e9cnica e informaci\u00f3n a los propietarios y administradores de propiedades sobre proyectos que mejoren la calidad del ambiente de trabajo en el Distrito.<\/p>\n<p>4. Crear identidad de distrito, continuidad visual y paisajes urbanos acogedores a trav\u00e9s de mejoras en el paisajismo, el mobiliario urbano y los elementos visuales para la comunidad comercial.<\/p>\n<p>5. Desarrollar un programa de plantaci\u00f3n de \u00e1rboles de varios a\u00f1os para crear una red de &#8220;corredores verdes&#8221; a lo largo de las carreteras y facilitar la creaci\u00f3n y el desarrollo de un sistema de parques, senderos y espacios abiertos conectados en todo y adyacentes al Distrito para servir a los empleados y las poblaciones residentes cercanas.<\/p>\n<p>6. Preservar y proteger los recursos naturales como las \u00e1reas boscosas y las cuencas hidrogr\u00e1ficas de la regi\u00f3n.<\/p>\n<h2>Programas y Proyectos<\/h2>\n<p>Abogar y apoyar el desarrollo de programas de conservaci\u00f3n que se centren en la reducci\u00f3n y el reciclaje de residuos y emisiones basados en el empleador \/ empleado que generen una atm\u00f3sfera de trabajo de calidad.<\/p>\n<p>Desarrollar e implementar un programa de Plan Maestro de Dise\u00f1o Urbano que aborde el paisajismo, el acondicionamiento de calles, la iluminaci\u00f3n, las marquesinas de autobuses y los asientos, los parques, los senderos y los espacios abiertos, integr\u00e1ndolos en la planificaci\u00f3n regional y del condado existente para crear una identidad del Distrito.<\/p>\n<p>Preparar informaci\u00f3n b\u00e1sica de desarrollo, renovaci\u00f3n y mantenimiento, asistencia y pautas para que los propietarios, gerentes e inversionistas los usen en la evaluaci\u00f3n, planificaci\u00f3n, implementaci\u00f3n y administraci\u00f3n de proyectos dentro del Distrito.<\/p>\n<p>Trabajar en cooperaci\u00f3n con los distritos de servicios p\u00fablicos municipales y vecinales para desarrollar y mejorar los recursos y activos del vecindario.<\/p>\n","protected":false},"excerpt":{"rendered":"<p>Septiembre de 2002 &#8212; Misi\u00f3n: Movilizar recursos para abordar las necesidades actuales y futuras de infraestructura, desarrollo y espacios abiertos de la creciente \u00e1rea de CID de Aldine con el fin de atraer y retener empleados, aumentar los valores y facilitar el desarrollo empresarial. Objetivos 1. Coordinar acciones con el Distrito de Control de Inundaciones  [&#8230;]<\/p>\n","protected":false},"author":6,"featured_media":0,"parent":15538,"menu_order":0,"comment_status":"open","ping_status":"open","template":"","meta":{"ngg_post_thumbnail":0,"footnotes":""},"class_list":["post-15542","page","type-page","status-publish","hentry"],"publishpress_future_action":{"enabled":false,"date":"2026-05-19 16:32:56","action":"change-status","newStatus":"draft","terms":[],"taxonomy":"translation_priority","extraData":[]},"publishpress_future_workflow_manual_trigger":{"enabledWorkflows":[]},"_links":{"self":[{"href":"https:\/\/aldinedistrict.org\/es\/wp-json\/wp\/v2\/pages\/15542","targetHints":{"allow":["GET"]}}],"collection":[{"href":"https:\/\/aldinedistrict.org\/es\/wp-json\/wp\/v2\/pages"}],"about":[{"href":"https:\/\/aldinedistrict.org\/es\/wp-json\/wp\/v2\/types\/page"}],"author":[{"embeddable":true,"href":"https:\/\/aldinedistrict.org\/es\/wp-json\/wp\/v2\/users\/6"}],"replies":[{"embeddable":true,"href":"https:\/\/aldinedistrict.org\/es\/wp-json\/wp\/v2\/comments?post=15542"}],"version-history":[{"count":0,"href":"https:\/\/aldinedistrict.org\/es\/wp-json\/wp\/v2\/pages\/15542\/revisions"}],"up":[{"embeddable":true,"href":"https:\/\/aldinedistrict.org\/es\/wp-json\/wp\/v2\/pages\/15538"}],"wp:attachment":[{"href":"https:\/\/aldinedistrict.org\/es\/wp-json\/wp\/v2\/media?parent=15542"}],"curies":[{"name":"wp","href":"https:\/\/api.w.org\/{rel}","templated":true}]}}