{"id":15568,"date":"2022-01-27T14:58:41","date_gmt":"2022-01-27T20:58:41","guid":{"rendered":"https:\/\/aldinedistrict.org\/comunidad\/parques-y-recreacion\/"},"modified":"2022-01-27T14:58:42","modified_gmt":"2022-01-27T20:58:42","slug":"parques-y-recreacion","status":"publish","type":"page","link":"https:\/\/aldinedistrict.org\/es\/comunidad\/parques-y-recreacion\/","title":{"rendered":"Parques y Recreaci\u00f3n"},"content":{"rendered":"<div class=\"fusion-fullwidth fullwidth-box fusion-builder-row-1 nonhundred-percent-fullwidth non-hundred-percent-height-scrolling\" style=\"--awb-border-radius-top-left:0px;--awb-border-radius-top-right:0px;--awb-border-radius-bottom-right:0px;--awb-border-radius-bottom-left:0px;--awb-flex-wrap:wrap;\" ><div class=\"fusion-builder-row fusion-row\"><div class=\"fusion-layout-column fusion_builder_column fusion-builder-column-0 fusion_builder_column_1_1 1_1 fusion-one-full fusion-column-first fusion-column-last\" style=\"--awb-padding-top:;--awb-padding-right:;--awb-padding-bottom:;--awb-padding-left:;--awb-bg-size:cover;\"><div class=\"fusion-column-wrapper fusion-flex-column-wrapper-legacy\"><div class=\"fusion-text fusion-text-1\"><h2>Parque Keith-Wiess<\/h2>\n<h6>12300 Aldine-Westfield<\/h6>\n<p>Keith-Wiess Park, ubicado en nuestra comunidad, es un parque emblem\u00e1tico de la ciudad de Houston de 500 acres. Est\u00e1 rodeado por m\u00e1s de siete millas de senderos. El vasto parque incluye extensiones de antiguos h\u00e1bitats forestales, grandes estanques y humedales con varios miles de \u00e1rboles, arbustos y \u00e1reas de vegetaci\u00f3n de humedales para plantar. La construcci\u00f3n del Distrito de Control de Inundaciones del Condado de Harris de una cuenca de <a href=\"http:\/\/www.aldinedistrict.org\/wp-content\/uploads\/Keith_Wiess_Park_Detention_Basin_Overview_rev2.pdf%20\">detenci\u00f3n<\/a> en el parque comenz\u00f3 en marzo de 2006 y dur\u00f3 22 meses. Durante la construcci\u00f3n se retiraron m\u00e1s de 1,7 millones de yardas c\u00fabicas de tierra y el proyecto se complet\u00f3 en enero de 2008. La cuenca tiene la capacidad de almacenar 1.6 millones de galones de aguas pluviales (m\u00e1s de la mitad del tama\u00f1o de Reliant Astrodome) en caso de que <a href=\"http:\/\/www.hcfcd.org\/P_hallsbayou.html\">Halls Bayou<\/a> se desborde. HCFCD Environmental Services invirti\u00f3 aproximadamente $1 mill\u00f3n en vegetaci\u00f3n (2,600 \u00e1rboles y arbustos nativos, 68,000 plantas de humedales y flores silvestres junto con pastos) y tratamientos org\u00e1nicos para proteger contra la erosi\u00f3n y restablecer la cubierta vegetal y el h\u00e1bitat. Para los toques finales, HCFCD agreg\u00f3 puentes peatonales e instal\u00f3 se\u00f1alizaci\u00f3n interpretativa innovadora para crear una instalaci\u00f3n de parque de usos m\u00faltiples que conecta \u00e1reas previamente inalcanzables del parque, al tiempo que refuerza su belleza natural y crea capacidad para las aguas de inundaci\u00f3n. Una celebraci\u00f3n de d\u00eda lluvioso marc\u00f3 la gran apertura el 15 de agosto de 2008 de nuevas secciones del parque con 3 millas adicionales de senderos y un puente sobre Halls Bayou, 122 acres de lagos de la cuenca de detenci\u00f3n con un muelle de pesca y un paseo mar\u00edtimo, y un nuevo parque infantil y campos de f\u00fatbol. Los usuarios del parque ahora pueden acceder a cada cuadrante del parque y los vecinos se ven con frecuencia caminando, andando en bicicleta y pescando en el parque. Para obtener m\u00e1s informaci\u00f3n sobre el parque, visite <a href=\"http:\/\/www.houstontx.gov\/parks\">http:\/\/www.houstontx.gov\/parks.<\/a><\/p>\n<\/div><div class=\"fusion-sep-clear\"><\/div><div class=\"fusion-separator fusion-full-width-sep\" style=\"margin-left: auto;margin-right: auto;margin-bottom:30px;width:100%;\"><\/div><div class=\"fusion-sep-clear\"><\/div><div class=\"fusion-text fusion-text-2\"><h2>Parque James Driver<\/h2>\n<h6>10918 1\/2 Bentley<\/h6>\n<p>James Driver Park es un parque de servicio completo con ba\u00f1os, picnic, parque infantil, canchas de baloncesto, un parque de patinetas, sendero para caminar sin luz y un refugio abierto. El centro comunitario del noreste, un jard\u00edn comunitario y un centro juvenil de la NFL tambi\u00e9n se encuentran dentro del parque.<br \/>\n<a href=\"http:\/\/www.aldinedistrict.org\/wp-content\/uploads\/James-Driver-DEC06.pdf\">Dise\u00f1o de James Driver Park<\/a><br \/>\n<a href=\"http:\/\/www.hcp2.com\/component\/sobipro\/89-james-driver-park?Itemid=0\" target=\"_blank\" rel=\"noopener\">Visite su sitio web<\/a><\/p>\n<\/div><div class=\"fusion-sep-clear\"><\/div><div class=\"fusion-separator fusion-full-width-sep\" style=\"margin-left: auto;margin-right: auto;margin-bottom:30px;width:100%;\"><\/div><div class=\"fusion-sep-clear\"><\/div><div class=\"fusion-text fusion-text-3\"><h2>Parque Gerber<\/h2>\n<h6>4735 Gast\u00f3n<\/h6>\n<p>Gerber Park es un parque de \u00e1rea peque\u00f1a dentro del Distrito, con instalaciones limitadas. Esto puede cambiar a medida que ocurra el crecimiento y la expansi\u00f3n futuros en el \u00e1rea como resultado de extensos proyectos de agua y alcantarillado en esta \u00e1rea com\u00fanmente conocida como North Houston Heights. En la primavera de 2010, el Distrito de East Aldine se asociar\u00e1 con el Comisionado del Precinto 2 El Franco Lee para instalar una fuente de agua potable en el parque que estar\u00e1 dedicada a la activista comunitaria Arlene Nichols. Justo al final de la calle del parque y adyacente a Orange Grove Elementary, el distrito planea asociarse con el Precinto 1 para crear un parque comunitario.<br \/>\n<a href=\"http:\/\/www.aldinedistrict.org\/wp-content\/uploads\/GerberPark.pdf\" target=\"_blank\" rel=\"noopener\">Dise\u00f1o de Gerber Park<\/a><br \/>\n<a href=\"http:\/\/www.hcp2.com\/component\/sobipro\/194-gerber-park?Itemid=0\" target=\"_blank\" rel=\"noopener\">Visite su sitio web<\/a><\/p>\n<\/div><div class=\"fusion-sep-clear\"><\/div><div class=\"fusion-separator fusion-full-width-sep\" style=\"margin-left: auto;margin-right: auto;margin-bottom:30px;width:100%;\"><\/div><div class=\"fusion-sep-clear\"><\/div><div class=\"fusion-text fusion-text-4\"><h2>Parque Bill Crowley<\/h2>\n<p>W. E. &#8220;Bill&#8221; Crowley Park es una instalaci\u00f3n de 30 acres ubicada en 5100 Lauder Road se encuentra al oeste de la autopista 59. Este parque cuenta con sendero de asfalto para trotar, dos estaciones de ejercicio cubiertas, parque infantil, canchas de baloncesto y tenis. La faceta clave del parque es su elecci\u00f3n de 50 instalaciones de picnic en todo el parque. W.E. &#8220;Bill&#8221; Crowley Park, fue nombrado despu\u00e9s de un empleado del Condado de Harris durante mucho tiempo, quien ocup\u00f3 el cargo de Superintendente General de Carreteras y Puentes para el Precinto 4 del Condado de Harris. La solicitud provino del ex comisionado del condado &#8220;Squatty&#8221; Lyons, quien escribi\u00f3 una carta, fechada el 14 de abril de 1977, solicitando que el parque fuera nombrado en honor de Bill.<br \/>\n<a href=\"http:\/\/www.hcp2.com\/component\/sobipro\/192-w-e-bill-crowley-park?Itemid=0\" target=\"_blank\" rel=\"noopener\">Visite su sitio web<\/a><\/p>\n<\/div><div class=\"fusion-sep-clear\"><\/div><div class=\"fusion-separator fusion-full-width-sep\" style=\"margin-left: auto;margin-right: auto;margin-bottom:30px;width:100%;\"><\/div><div class=\"fusion-sep-clear\"><\/div><div class=\"fusion-text fusion-text-5\"><h2>Parque DOW 1<\/h2>\n<p>Dow # 1 Park est\u00e1 ubicado en la intersecci\u00f3n de Hardy Toll Rd. y North Sam Houston Parkway en 15401 Greendale Drive, Houston Este parque de 9 acres fue donado por C Milby Dow en enero de 1957. El parque cuenta con dos campos de b\u00e9isbol, un campo de f\u00fatbol, un parque infantil e instalaciones para picnic.<br \/>\n<a href=\"http:\/\/www.hcp2.com\/component\/sobipro\/193-dow-1-park?Itemid=0\" target=\"_blank\" rel=\"noopener\">Visite su sitio web<\/a><\/p>\n<\/div><div class=\"fusion-sep-clear\"><\/div><div class=\"fusion-separator fusion-full-width-sep\" style=\"margin-left: auto;margin-right: auto;margin-bottom:30px;width:100%;\"><\/div><div class=\"fusion-sep-clear\"><\/div><div class=\"fusion-text fusion-text-6\"><h2>Parque Pep Mueller<\/h2>\n<p>Pep Mueller Park es una instalaci\u00f3n de 13 acres ubicada en 14750 Henry Road, justo al norte de Aldine Mail Route. El parque cuenta con cuatro campos de b\u00e9isbol, cuatro campos de f\u00fatbol, cancha de baloncesto, parque infantil e instalaciones de picnic.<br \/>\n<a href=\"http:\/\/www.hcp2.com\/component\/sobipro\/195-pep-mueller-park?Itemid=0\" target=\"_blank\" rel=\"noopener\">Visite su sitio web<\/a><\/p>\n<\/div><div class=\"fusion-sep-clear\"><\/div><div class=\"fusion-separator fusion-full-width-sep\" style=\"margin-left: auto;margin-right: auto;margin-bottom:30px;width:100%;\"><\/div><div class=\"fusion-sep-clear\"><\/div><div class=\"fusion-text fusion-text-7\"><h2>Halls Bayou Sendero para caminatas y bicicletas<\/h2>\n<p>Hall&#8217;s Bayou Hike &amp; Bike Trail es un sendero pavimentado lineal 2.3 que une Keith Weiss Park hacia el norte; Al sur de Jenson Drive. Trail es ideal para \u00e1vidos ciclistas y corredores. Hay cuatro estaciones de ejercicio a lo largo del sendero y un sitio de picnic en el extremo sur cerca de Jensen. (No hay estacionamiento para este sendero)<br \/>\n<a href=\"http:\/\/www.hcp2.com\/component\/sobipro\/87-halls-bayou-hike-and-bike-trail?Itemid=0\" target=\"_blank\" rel=\"noopener\">Visite su sitio web<\/a><\/p>\n<\/div><div class=\"fusion-sep-clear\"><\/div><div class=\"fusion-separator fusion-full-width-sep\" style=\"margin-left: auto;margin-right: auto;margin-bottom:30px;width:100%;\"><\/div><div class=\"fusion-sep-clear\"><\/div><div class=\"fusion-text fusion-text-8\"><h2>Coalici\u00f3n del Corredor Greens Bayou<\/h2>\n<p>Greens Bayou Corridor Coalition busca beneficiar la econom\u00eda y mejorar la calidad de vida de los 400,000 residentes en la cuenca de Greens Bayou a trav\u00e9s de la mitigaci\u00f3n de inundaciones, el desarrollo de parques y senderos y el desarrollo econ\u00f3mico.<br \/>\n<a href=\"http:\/\/greensbayou.org\/\" target=\"_blank\" rel=\"noopener\">Visite su sitio web<\/a> para obtener m\u00e1s informaci\u00f3n.<\/p>\n<\/div><div class=\"fusion-clearfix\"><\/div><\/div><\/div><\/div><\/div>\n","protected":false},"excerpt":{"rendered":"","protected":false},"author":6,"featured_media":0,"parent":15559,"menu_order":0,"comment_status":"open","ping_status":"open","template":"","meta":{"ngg_post_thumbnail":0,"footnotes":""},"class_list":["post-15568","page","type-page","status-publish","hentry"],"publishpress_future_action":{"enabled":false,"date":"2026-05-18 21:14:48","action":"change-status","newStatus":"draft","terms":[],"taxonomy":"translation_priority","extraData":[]},"publishpress_future_workflow_manual_trigger":{"enabledWorkflows":[]},"_links":{"self":[{"href":"https:\/\/aldinedistrict.org\/es\/wp-json\/wp\/v2\/pages\/15568","targetHints":{"allow":["GET"]}}],"collection":[{"href":"https:\/\/aldinedistrict.org\/es\/wp-json\/wp\/v2\/pages"}],"about":[{"href":"https:\/\/aldinedistrict.org\/es\/wp-json\/wp\/v2\/types\/page"}],"author":[{"embeddable":true,"href":"https:\/\/aldinedistrict.org\/es\/wp-json\/wp\/v2\/users\/6"}],"replies":[{"embeddable":true,"href":"https:\/\/aldinedistrict.org\/es\/wp-json\/wp\/v2\/comments?post=15568"}],"version-history":[{"count":0,"href":"https:\/\/aldinedistrict.org\/es\/wp-json\/wp\/v2\/pages\/15568\/revisions"}],"up":[{"embeddable":true,"href":"https:\/\/aldinedistrict.org\/es\/wp-json\/wp\/v2\/pages\/15559"}],"wp:attachment":[{"href":"https:\/\/aldinedistrict.org\/es\/wp-json\/wp\/v2\/media?parent=15568"}],"curies":[{"name":"wp","href":"https:\/\/api.w.org\/{rel}","templated":true}]}}