{"id":30980,"date":"2026-02-19T12:15:29","date_gmt":"2026-02-19T18:15:29","guid":{"rendered":"https:\/\/aldinedistrict.org\/east-aldine-aprende-el-arte-de-aprovechar-las-artes\/"},"modified":"2026-02-19T12:15:41","modified_gmt":"2026-02-19T18:15:41","slug":"east-aldine-aprende-el-arte-de-aprovechar-las-artes","status":"publish","type":"page","link":"https:\/\/aldinedistrict.org\/es\/perspectivas-empresariales\/east-aldine-aprende-el-arte-de-aprovechar-las-artes\/","title":{"rendered":"East Aldine aprende el arte de aprovechar las artes"},"content":{"rendered":"<p><div class=\"fusion-fullwidth fullwidth-box fusion-builder-row-1 fusion-flex-container has-pattern-background has-mask-background nonhundred-percent-fullwidth non-hundred-percent-height-scrolling\" style=\"--awb-border-radius-top-left:0px;--awb-border-radius-top-right:0px;--awb-border-radius-bottom-right:0px;--awb-border-radius-bottom-left:0px;--awb-padding-top:30px;--awb-padding-right:30px;--awb-padding-bottom:30px;--awb-padding-left:30px;--awb-margin-top:50px;--awb-background-color:var(--awb-custom11);--awb-flex-wrap:wrap;\" ><div class=\"fusion-builder-row fusion-row fusion-flex-align-items-flex-start fusion-flex-content-wrap\" style=\"max-width:1216.8px;margin-left: calc(-4% \/ 2 );margin-right: calc(-4% \/ 2 );\"><div class=\"fusion-layout-column fusion_builder_column fusion-builder-column-0 fusion_builder_column_2_3 2_3 fusion-flex-column\" style=\"--awb-bg-size:cover;--awb-width-large:66.666666666667%;--awb-margin-top-large:0px;--awb-spacing-right-large:2.88%;--awb-margin-bottom-large:20px;--awb-spacing-left-large:2.88%;--awb-width-medium:100%;--awb-order-medium:0;--awb-spacing-right-medium:1.92%;--awb-spacing-left-medium:1.92%;--awb-width-small:100%;--awb-order-small:0;--awb-spacing-right-small:1.92%;--awb-spacing-left-small:1.92%;\"><div class=\"fusion-column-wrapper fusion-column-has-shadow fusion-flex-justify-content-flex-start fusion-content-layout-column\"><div class=\"fusion-title title fusion-title-1 fusion-sep-none fusion-title-text fusion-title-size-two\" style=\"--awb-margin-top-small:0px;--awb-margin-right-small:0px;--awb-margin-bottom-small:20px;--awb-margin-left-small:0px;\"><h2 class=\"fusion-title-heading title-heading-left fusion-responsive-typography-calculated\" style=\"margin:0;--fontSize:33;line-height:1.2;\">East Aldine aprende el arte de aprovechar las artes<\/h2><\/div><div class=\"fusion-text fusion-text-1\" style=\"--awb-text-transform:none;\"><p>&#8220;Queremos convertir East Aldine en un destino centrado en las artes&#8221;, dijo Silva. &#8220;Promover el arte y tener instalaciones art\u00edsticas despertar\u00e1 el inter\u00e9s de visitantes y turistas locales. Atraer a la gente a la comunidad tendr\u00e1 un impacto econ\u00f3mico positivo. Esto se logra proporcionando una plataforma para los artistas locales y creando un lugar donde el arte sea aceptado, abrazado y fomentado.&#8221;<\/p>\n<\/div><\/div><\/div><div class=\"fusion-layout-column fusion_builder_column fusion-builder-column-1 fusion_builder_column_1_3 1_3 fusion-flex-column\" style=\"--awb-bg-size:cover;--awb-width-large:33.333333333333%;--awb-margin-top-large:0px;--awb-spacing-right-large:5.76%;--awb-margin-bottom-large:20px;--awb-spacing-left-large:5.76%;--awb-width-medium:100%;--awb-order-medium:0;--awb-spacing-right-medium:1.92%;--awb-spacing-left-medium:1.92%;--awb-width-small:100%;--awb-order-small:0;--awb-spacing-right-small:1.92%;--awb-spacing-left-small:1.92%;\"><div class=\"fusion-column-wrapper fusion-column-has-shadow fusion-flex-justify-content-flex-start fusion-content-layout-column\"><div class=\"fusion-image-element \" style=\"--awb-caption-title-font-family:var(--h2_typography-font-family);--awb-caption-title-font-weight:var(--h2_typography-font-weight);--awb-caption-title-font-style:var(--h2_typography-font-style);--awb-caption-title-size:var(--h2_typography-font-size);--awb-caption-title-transform:var(--h2_typography-text-transform);--awb-caption-title-line-height:var(--h2_typography-line-height);--awb-caption-title-letter-spacing:var(--h2_typography-letter-spacing);\"><span class=\" fusion-imageframe imageframe-dropshadow imageframe-1 hover-type-none\" style=\"-webkit-box-shadow: 3px 3px 7px rgba(255,255,255,0);box-shadow: 3px 3px 7px rgba(255,255,255,0);\"><a class=\"fusion-no-lightbox\" href=\"https:\/\/aldinedistrict.org\/es\/perspectivas-empresariales\/east-aldine-aprende-el-arte-de-aprovechar-las-artes\/\" target=\"_self\" aria-label=\"EAMD_BusinessInsights_Article-06-R1-1\"><img decoding=\"async\" width=\"612\" height=\"305\" src=\"https:\/\/aldinedistrict.org\/wp-content\/uploads\/2023\/01\/EAMD_BusinessInsights_Article-06-R1-1.jpg\" alt class=\"img-responsive wp-image-18305\" srcset=\"https:\/\/aldinedistrict.org\/wp-content\/uploads\/2023\/01\/EAMD_BusinessInsights_Article-06-R1-1-200x100.jpg 200w, https:\/\/aldinedistrict.org\/wp-content\/uploads\/2023\/01\/EAMD_BusinessInsights_Article-06-R1-1-400x199.jpg 400w, https:\/\/aldinedistrict.org\/wp-content\/uploads\/2023\/01\/EAMD_BusinessInsights_Article-06-R1-1-600x299.jpg 600w, https:\/\/aldinedistrict.org\/wp-content\/uploads\/2023\/01\/EAMD_BusinessInsights_Article-06-R1-1.jpg 612w\" sizes=\"(max-width: 1024px) 100vw, (max-width: 640px) 100vw, 400px\" \/><\/a><\/span><\/div><div class=\"fusion-separator fusion-full-width-sep\" style=\"align-self: center;margin-left: auto;margin-right: auto;margin-top:30px;width:100%;\"><div class=\"fusion-separator-border sep-single\" style=\"--awb-height:20px;--awb-amount:20px;border-color:#e0e0e0;border-top-width:1px;\"><\/div><\/div><\/div><\/div><\/div><\/div><div class=\"fusion-fullwidth fullwidth-box fusion-builder-row-2 fusion-flex-container nonhundred-percent-fullwidth non-hundred-percent-height-scrolling\" style=\"--awb-border-radius-top-left:0px;--awb-border-radius-top-right:0px;--awb-border-radius-bottom-right:0px;--awb-border-radius-bottom-left:0px;--awb-flex-wrap:wrap;\" ><div class=\"fusion-builder-row fusion-row fusion-flex-align-items-flex-start fusion-flex-content-wrap\" style=\"max-width:1216.8px;margin-left: calc(-4% \/ 2 );margin-right: calc(-4% \/ 2 );\"><div class=\"fusion-layout-column fusion_builder_column fusion-builder-column-2 fusion_builder_column_1_1 1_1 fusion-flex-column\" style=\"--awb-bg-size:cover;--awb-width-large:100%;--awb-margin-top-large:0px;--awb-spacing-right-large:1.92%;--awb-margin-bottom-large:20px;--awb-spacing-left-large:1.92%;--awb-width-medium:100%;--awb-order-medium:0;--awb-spacing-right-medium:1.92%;--awb-spacing-left-medium:1.92%;--awb-width-small:100%;--awb-order-small:0;--awb-spacing-right-small:1.92%;--awb-spacing-left-small:1.92%;\"><div class=\"fusion-column-wrapper fusion-column-has-shadow fusion-flex-justify-content-flex-start fusion-content-layout-column\"><div class=\"fusion-separator fusion-has-icon fusion-full-width-sep\" style=\"align-self: center;margin-left: auto;margin-right: auto;margin-top:30px;margin-bottom:30px;width:100%;\"><div class=\"fusion-separator-border sep-single sep-solid\" style=\"--awb-height:20px;--awb-amount:20px;--awb-sep-color:#8bc34a;border-color:#8bc34a;border-top-width:1px;\"><\/div><span class=\"icon-wrapper\" style=\"border-color:#8bc34a;background-color:rgba(255,255,255,0);font-size:16px;width: 1.75em; height: 1.75em;border-width:1px;padding:1px;margin-top:-0.5px\"><i class=\"fa-ellipsis-h fas\" style=\"font-size: inherit;color:#8bc34a;\" aria-hidden=\"true\"><\/i><\/span><div class=\"fusion-separator-border sep-single sep-solid\" style=\"--awb-height:20px;--awb-amount:20px;--awb-sep-color:#8bc34a;border-color:#8bc34a;border-top-width:1px;\"><\/div><\/div><div class=\"fusion-title title fusion-title-2 fusion-sep-none fusion-title-text fusion-title-size-two\" style=\"--awb-margin-top-small:0px;--awb-margin-right-small:0px;--awb-margin-bottom-small:20px;--awb-margin-left-small:0px;\"><h2 class=\"fusion-title-heading title-heading-left fusion-responsive-typography-calculated\" style=\"margin:0;--fontSize:33;line-height:1.2;\">Rellena la informaci\u00f3n de abajo para seguir leyendo el art\u00edculo&#8230;<\/h2><\/div><div class=\"fusion-text fusion-text-2\" style=\"--awb-text-transform:none;\"><style id=\"wpforms-css-vars-27275\">\n\t\t\t\t#wpforms-27275 {\n\t\t\t\t\n\t\t\t}\n\t\t\t<\/style><div class=\"wpforms-container wpforms-container-full wpforms-render-modern\" id=\"wpforms-27275\"><form id=\"wpforms-form-27275\" class=\"wpforms-validate wpforms-form wpforms-ajax-form\" data-formid=\"27275\" method=\"post\" enctype=\"multipart\/form-data\" action=\"\/es\/wp-json\/wp\/v2\/pages\/30980\" data-token=\"7f4ef56b24cc666d36864380d727cc25\" data-token-time=\"1778478141\"><noscript class=\"wpforms-error-noscript\">Por favor, activa JavaScript en tu navegador para completar este formulario.<\/noscript><div id=\"wpforms-error-noscript\" style=\"display: none;\">Por favor, activa JavaScript en tu navegador para completar este formulario.<\/div><div class=\"wpforms-field-container\">\t\t<div id=\"wpforms-27275-field_6-container\"\n\t\t\tclass=\"wpforms-field wpforms-field-text\"\n\t\t\tdata-field-type=\"text\"\n\t\t\tdata-field-id=\"6\"\n\t\t\t>\n\t\t\t<label class=\"wpforms-field-label\" for=\"wpforms-27275-field_6\" >describir\u00eda art\u00edculo(s) como<\/label>\n\t\t\t<input type=\"text\" id=\"wpforms-27275-field_6\" class=\"wpforms-field-medium\" name=\"wpforms[fields][6]\" >\n\t\t<\/div>\n\t\t<div id=\"wpforms-27275-field_1-container\" class=\"wpforms-field wpforms-field-email\" data-field-type=\"email\" data-field-id=\"1\"><label class=\"wpforms-field-label\" for=\"wpforms-27275-field_1\">Correo electr\u00f3nico <span class=\"wpforms-required-label\" aria-hidden=\"true\">*<\/span><\/label><input type=\"email\" id=\"wpforms-27275-field_1\" class=\"wpforms-field-medium wpforms-field-required\" name=\"wpforms[fields][1]\" spellcheck=\"false\" aria-errormessage=\"wpforms-27275-field_1-error\" required><\/div><div id=\"wpforms-27275-field_2-container\" class=\"wpforms-field wpforms-field-checkbox wpforms-list-2-columns\" data-field-type=\"checkbox\" data-field-id=\"2\"><fieldset><legend class=\"wpforms-field-label\">Seleccione el(los) art\u00edculo(s) que desea descargar:<\/legend><ul id=\"wpforms-27275-field_2\"><li class=\"choice-1 depth-1\"><input type=\"checkbox\" id=\"wpforms-27275-field_2_1\" name=\"wpforms[fields][2][]\" value=\"Nuevas oportunidades de negocio florecen en East Aldine arraigado\" aria-errormessage=\"wpforms-27275-field_2_1-error\"  ><label class=\"wpforms-field-label-inline\" for=\"wpforms-27275-field_2_1\">Nuevas oportunidades de negocio florecen en East Aldine arraigado<\/label><\/li><li class=\"choice-2 depth-1\"><input type=\"checkbox\" id=\"wpforms-27275-field_2_2\" name=\"wpforms[fields][2][]\" value=\"La mentalidad de East Aldine lista para el negocio refleja su historia\" aria-errormessage=\"wpforms-27275-field_2_2-error\"  ><label class=\"wpforms-field-label-inline\" for=\"wpforms-27275-field_2_2\">La mentalidad de East Aldine lista para el negocio refleja su historia<\/label><\/li><li class=\"choice-3 depth-1\"><input type=\"checkbox\" id=\"wpforms-27275-field_2_3\" name=\"wpforms[fields][2][]\" value=\"La fuerza especial de patrulla del Distrito mejora un entorno empresarial seguro\" aria-errormessage=\"wpforms-27275-field_2_3-error\"  ><label class=\"wpforms-field-label-inline\" for=\"wpforms-27275-field_2_3\">La fuerza especial de patrulla del Distrito mejora un entorno empresarial seguro<\/label><\/li><li class=\"choice-7 depth-1\"><input type=\"checkbox\" id=\"wpforms-27275-field_2_7\" name=\"wpforms[fields][2][]\" value=\"Muchos residentes de East Aldine adoptan un enfoque astuto hacia el \u00e9xito\" aria-errormessage=\"wpforms-27275-field_2_7-error\"  ><label class=\"wpforms-field-label-inline\" for=\"wpforms-27275-field_2_7\">Muchos residentes de East Aldine adoptan un enfoque astuto hacia el \u00e9xito<\/label><\/li><li class=\"choice-6 depth-1\"><input type=\"checkbox\" id=\"wpforms-27275-field_2_6\" name=\"wpforms[fields][2][]\" value=\"East Aldine habla varios idiomas del \u00e9xito\" aria-errormessage=\"wpforms-27275-field_2_6-error\"  ><label class=\"wpforms-field-label-inline\" for=\"wpforms-27275-field_2_6\">East Aldine habla varios idiomas del \u00e9xito<\/label><\/li><li class=\"choice-5 depth-1\"><input type=\"checkbox\" id=\"wpforms-27275-field_2_5\" name=\"wpforms[fields][2][]\" value=\"East Aldine aprende el arte de aprovechar las artes\" aria-errormessage=\"wpforms-27275-field_2_5-error\"  ><label class=\"wpforms-field-label-inline\" for=\"wpforms-27275-field_2_5\">East Aldine aprende el arte de aprovechar las artes<\/label><\/li><li class=\"choice-4 depth-1\"><input type=\"checkbox\" id=\"wpforms-27275-field_2_4\" name=\"wpforms[fields][2][]\" value=\"Desde Pre-K hasta la universidad, la fortaleza educativa del Distrito conduce al \u00e9xito\" aria-errormessage=\"wpforms-27275-field_2_4-error\"  ><label class=\"wpforms-field-label-inline\" for=\"wpforms-27275-field_2_4\">Desde Pre-K hasta la universidad, la fortaleza educativa del Distrito conduce al \u00e9xito<\/label><\/li><li class=\"choice-9 depth-1\"><input type=\"checkbox\" id=\"wpforms-27275-field_2_9\" name=\"wpforms[fields][2][]\" value=\"En una encrucijada, el distrito est\u00e1 en el lugar y momento adecuados para hacer negocios\" aria-errormessage=\"wpforms-27275-field_2_9-error\"  ><label class=\"wpforms-field-label-inline\" for=\"wpforms-27275-field_2_9\">En una encrucijada, el distrito est\u00e1 en el lugar y momento adecuados para hacer negocios<\/label><\/li><li class=\"choice-8 depth-1\"><input type=\"checkbox\" id=\"wpforms-27275-field_2_8\" name=\"wpforms[fields][2][]\" value=\"Los cargos electos dirigen nuevos recursos a la comunidad de East Aldine\" aria-errormessage=\"wpforms-27275-field_2_8-error\"  ><label class=\"wpforms-field-label-inline\" for=\"wpforms-27275-field_2_8\">Los cargos electos dirigen nuevos recursos a la comunidad de East Aldine<\/label><\/li><\/ul><\/fieldset><\/div><div id=\"wpforms-27275-field_3-container\" class=\"wpforms-field wpforms-field-checkbox wpforms-list-2-columns\" data-field-type=\"checkbox\" data-field-id=\"3\"><fieldset><legend class=\"wpforms-field-label\">Me describir\u00eda como (revisa todo lo que aplica)...<\/legend><ul id=\"wpforms-27275-field_3\"><li class=\"choice-1 depth-1\"><input type=\"checkbox\" id=\"wpforms-27275-field_3_1\" name=\"wpforms[fields][3][]\" value=\"Desarrollador\" aria-errormessage=\"wpforms-27275-field_3_1-error\"  ><label class=\"wpforms-field-label-inline\" for=\"wpforms-27275-field_3_1\">Desarrollador<\/label><\/li><li class=\"choice-2 depth-1\"><input type=\"checkbox\" id=\"wpforms-27275-field_3_2\" name=\"wpforms[fields][3][]\" value=\"Corredor de bienes ra\u00edces comerciales\" aria-errormessage=\"wpforms-27275-field_3_2-error\"  ><label class=\"wpforms-field-label-inline\" for=\"wpforms-27275-field_3_2\">Corredor de bienes ra\u00edces comerciales<\/label><\/li><li class=\"choice-3 depth-1\"><input type=\"checkbox\" id=\"wpforms-27275-field_3_3\" name=\"wpforms[fields][3][]\" value=\"Propietario\" aria-errormessage=\"wpforms-27275-field_3_3-error\"  ><label class=\"wpforms-field-label-inline\" for=\"wpforms-27275-field_3_3\">Propietario<\/label><\/li><li class=\"choice-8 depth-1\"><input type=\"checkbox\" id=\"wpforms-27275-field_3_8\" name=\"wpforms[fields][3][]\" value=\"Propietario de la propiedad en East Aldine\" aria-errormessage=\"wpforms-27275-field_3_8-error\"  ><label class=\"wpforms-field-label-inline\" for=\"wpforms-27275-field_3_8\">Propietario de la propiedad en East Aldine<\/label><\/li><li class=\"choice-7 depth-1\"><input type=\"checkbox\" id=\"wpforms-27275-field_3_7\" name=\"wpforms[fields][3][]\" value=\"Propietario de Propiedades Comerciales\" aria-errormessage=\"wpforms-27275-field_3_7-error\"  ><label class=\"wpforms-field-label-inline\" for=\"wpforms-27275-field_3_7\">Propietario de Propiedades Comerciales<\/label><\/li><li class=\"choice-6 depth-1\"><input type=\"checkbox\" id=\"wpforms-27275-field_3_6\" name=\"wpforms[fields][3][]\" value=\"Propietario de Propiedades Comerciales en East Aldine\" aria-errormessage=\"wpforms-27275-field_3_6-error\"  ><label class=\"wpforms-field-label-inline\" for=\"wpforms-27275-field_3_6\">Propietario de Propiedades Comerciales en East Aldine<\/label><\/li><li class=\"choice-5 depth-1\"><input type=\"checkbox\" id=\"wpforms-27275-field_3_5\" name=\"wpforms[fields][3][]\" value=\"Propietario de negocio\" aria-errormessage=\"wpforms-27275-field_3_5-error\"  ><label class=\"wpforms-field-label-inline\" for=\"wpforms-27275-field_3_5\">Propietario de negocio<\/label><\/li><li class=\"choice-4 depth-1\"><input type=\"checkbox\" id=\"wpforms-27275-field_3_4\" name=\"wpforms[fields][3][]\" value=\"Negocio de East Aldine\" aria-errormessage=\"wpforms-27275-field_3_4-error\"  ><label class=\"wpforms-field-label-inline\" for=\"wpforms-27275-field_3_4\">Negocio de East Aldine<\/label><\/li><\/ul><\/fieldset><\/div><div id=\"wpforms-27275-field_4-container\" class=\"wpforms-field wpforms-field-name\" data-field-type=\"name\" data-field-id=\"4\"><fieldset><legend class=\"wpforms-field-label\">Nombre <span class=\"wpforms-required-label\" aria-hidden=\"true\">*<\/span><\/legend><div class=\"wpforms-field-row wpforms-field-medium\"><div class=\"wpforms-field-row-block wpforms-first wpforms-one-half\"><input type=\"text\" id=\"wpforms-27275-field_4\" class=\"wpforms-field-name-first wpforms-field-required\" name=\"wpforms[fields][4][first]\" aria-errormessage=\"wpforms-27275-field_4-error\" required><label for=\"wpforms-27275-field_4\" class=\"wpforms-field-sublabel after\">Nombre<\/label><\/div><div class=\"wpforms-field-row-block wpforms-one-half\"><input type=\"text\" id=\"wpforms-27275-field_4-last\" class=\"wpforms-field-name-last wpforms-field-required\" name=\"wpforms[fields][4][last]\" aria-errormessage=\"wpforms-27275-field_4-last-error\" required><label for=\"wpforms-27275-field_4-last\" class=\"wpforms-field-sublabel after\">Apellidos<\/label><\/div><\/div><\/fieldset><\/div><div id=\"wpforms-27275-field_10-container\" class=\"wpforms-field wpforms-field-layout\" data-field-type=\"layout\" data-field-id=\"10\"><div class=\"wpforms-field-layout-rows wpforms-field-large\"><div class=\"wpforms-layout-row\"><div class=\"wpforms-layout-column wpforms-layout-column-50\"><div id=\"wpforms-27275-field_5-container\" class=\"wpforms-field wpforms-field-text\" data-field-type=\"text\" data-field-id=\"5\"><label class=\"wpforms-field-label\" for=\"wpforms-27275-field_5\">Nombre de la empresa<\/label><input type=\"text\" id=\"wpforms-27275-field_5\" class=\"wpforms-field-medium\" name=\"wpforms[fields][5]\" aria-errormessage=\"wpforms-27275-field_5-error\" ><\/div><\/div><div class=\"wpforms-layout-column wpforms-layout-column-50\"><div id=\"wpforms-27275-field_7-container\" class=\"wpforms-field wpforms-field-text\" data-field-type=\"text\" data-field-id=\"7\"><label class=\"wpforms-field-label\" for=\"wpforms-27275-field_7\">T\u00edtulo<\/label><input type=\"text\" id=\"wpforms-27275-field_7\" class=\"wpforms-field-medium\" name=\"wpforms[fields][7]\" aria-errormessage=\"wpforms-27275-field_7-error\" ><\/div><\/div><\/div><div class=\"wpforms-layout-row\"><div class=\"wpforms-layout-column wpforms-layout-column-50\"><div id=\"wpforms-27275-field_8-container\" class=\"wpforms-field wpforms-field-phone\" data-field-type=\"phone\" data-field-id=\"8\"><label class=\"wpforms-field-label\" for=\"wpforms-27275-field_8\">Tel\u00e9fono<\/label><input type=\"tel\" id=\"wpforms-27275-field_8\" class=\"wpforms-field-medium wpforms-smart-phone-field\" data-rule-smart-phone-field=\"true\" name=\"wpforms[fields][8]\" aria-label=\"Tel\u00e9fono\" aria-errormessage=\"wpforms-27275-field_8-error\" ><\/div><\/div><div class=\"wpforms-layout-column wpforms-layout-column-50\"><div id=\"wpforms-27275-field_9-container\" class=\"wpforms-field wpforms-field-text\" data-field-type=\"text\" data-field-id=\"9\"><label class=\"wpforms-field-label\" for=\"wpforms-27275-field_9\">ZIP<\/label><input type=\"text\" id=\"wpforms-27275-field_9\" class=\"wpforms-field-medium\" name=\"wpforms[fields][9]\" aria-errormessage=\"wpforms-27275-field_9-error\" ><\/div><\/div><\/div><\/div><\/div><script>\n\t\t\t\t( function() {\n\t\t\t\t\tconst style = document.createElement( 'style' );\n\t\t\t\t\tstyle.appendChild( document.createTextNode( '#wpforms-27275-field_6-container { position: absolute !important; overflow: hidden !important; display: inline !important; height: 1px !important; width: 1px !important; z-index: -1000 !important; padding: 0 !important; } #wpforms-27275-field_6-container input { visibility: hidden; } #wpforms-conversational-form-page #wpforms-27275-field_6-container label { counter-increment: none; }' ) );\n\t\t\t\t\tdocument.head.appendChild( style );\n\t\t\t\t\tdocument.currentScript?.remove();\n\t\t\t\t} )();\n\t\t\t<\/script><\/div><!-- .wpforms-field-container --><div class=\"wpforms-submit-container\" ><input type=\"hidden\" name=\"wpforms[id]\" value=\"27275\"><input type=\"hidden\" name=\"page_title\" value=\"\"><input type=\"hidden\" name=\"page_url\" value=\"https:\/\/aldinedistrict.org\/es\/wp-json\/wp\/v2\/pages\/30980\"><input type=\"hidden\" name=\"url_referer\" value=\"\"><button type=\"submit\" name=\"wpforms[submit]\" id=\"wpforms-submit-27275\" class=\"wpforms-submit\" data-alt-text=\"Env\u00edo...\" data-submit-text=\"Enviar\" aria-live=\"assertive\" value=\"wpforms-submit\">Enviar<\/button><img decoding=\"async\" src=\"https:\/\/aldinedistrict.org\/wp-content\/plugins\/wpforms\/assets\/images\/submit-spin.svg\" class=\"wpforms-submit-spinner\" style=\"display: none;\" width=\"26\" height=\"26\" alt=\"Cargando\"><\/div><\/form><\/div>  <!-- .wpforms-container -->\n<\/div><\/div><\/div><\/div><\/div><\/p>\n","protected":false},"excerpt":{"rendered":"","protected":false},"author":5,"featured_media":0,"parent":31040,"menu_order":0,"comment_status":"closed","ping_status":"closed","template":"","meta":{"ngg_post_thumbnail":0,"footnotes":""},"class_list":["post-30980","page","type-page","status-publish","hentry"],"publishpress_future_action":{"enabled":false,"date":"2026-05-18 00:42:21","action":"change-status","newStatus":"draft","terms":[],"taxonomy":"translation_priority","extraData":[]},"publishpress_future_workflow_manual_trigger":{"enabledWorkflows":[]},"_links":{"self":[{"href":"https:\/\/aldinedistrict.org\/es\/wp-json\/wp\/v2\/pages\/30980","targetHints":{"allow":["GET"]}}],"collection":[{"href":"https:\/\/aldinedistrict.org\/es\/wp-json\/wp\/v2\/pages"}],"about":[{"href":"https:\/\/aldinedistrict.org\/es\/wp-json\/wp\/v2\/types\/page"}],"author":[{"embeddable":true,"href":"https:\/\/aldinedistrict.org\/es\/wp-json\/wp\/v2\/users\/5"}],"replies":[{"embeddable":true,"href":"https:\/\/aldinedistrict.org\/es\/wp-json\/wp\/v2\/comments?post=30980"}],"version-history":[{"count":5,"href":"https:\/\/aldinedistrict.org\/es\/wp-json\/wp\/v2\/pages\/30980\/revisions"}],"predecessor-version":[{"id":31065,"href":"https:\/\/aldinedistrict.org\/es\/wp-json\/wp\/v2\/pages\/30980\/revisions\/31065"}],"up":[{"embeddable":true,"href":"https:\/\/aldinedistrict.org\/es\/wp-json\/wp\/v2\/pages\/31040"}],"wp:attachment":[{"href":"https:\/\/aldinedistrict.org\/es\/wp-json\/wp\/v2\/media?parent=30980"}],"curies":[{"name":"wp","href":"https:\/\/api.w.org\/{rel}","templated":true}]}}